{"id":15437,"date":"2022-04-27T09:17:55","date_gmt":"2022-04-27T09:17:55","guid":{"rendered":"http:\/\/www.stevetotalbeauty.it\/new\/?page_id=15437"},"modified":"2025-07-22T10:53:44","modified_gmt":"2025-07-22T10:53:44","slug":"servizi","status":"publish","type":"page","link":"https:\/\/www.stevetotalbeauty.it\/new\/servizi\/","title":{"rendered":"Servizi"},"content":{"rendered":"\t\t<div data-elementor-type=\"wp-page\" data-elementor-id=\"15437\" class=\"elementor elementor-15437\" data-elementor-post-type=\"page\">\n\t\t\t\t<div class=\"elementor-element elementor-element-4a57ba4 e-con-full e-flex qodef-elementor-content-no e-con e-parent\" data-id=\"4a57ba4\" data-element_type=\"container\" data-e-type=\"container\">\n\t\t\t\t<div class=\"elementor-element elementor-element-8295ff2 elementor-widget elementor-widget-heading\" data-id=\"8295ff2\" data-element_type=\"widget\" data-e-type=\"widget\" data-widget_type=\"heading.default\">\n\t\t\t\t<div class=\"elementor-widget-container\">\n\t\t\t\t\t<h2 class=\"elementor-heading-title elementor-size-default\">I SERVIZI<\/h2>\t\t\t\t<\/div>\n\t\t\t\t<\/div>\n\t\t\t\t<\/div>\n\t\t<div class=\"elementor-element elementor-element-333e7ec e-con-full e-flex qodef-elementor-content-no e-con e-parent\" data-id=\"333e7ec\" data-element_type=\"container\" data-e-type=\"container\">\n\t\t<div class=\"elementor-element elementor-element-cc0602d e-con-full e-flex qodef-elementor-content-no e-con e-child\" data-id=\"cc0602d\" data-element_type=\"container\" data-e-type=\"container\" data-settings=\"{&quot;background_background&quot;:&quot;classic&quot;}\">\n\t\t\t\t<\/div>\n\t\t<div class=\"elementor-element elementor-element-2d77bba e-con-full e-flex qodef-elementor-content-no e-con e-child\" data-id=\"2d77bba\" data-element_type=\"container\" data-e-type=\"container\" data-settings=\"{&quot;background_background&quot;:&quot;classic&quot;}\">\n\t\t\t\t<div class=\"elementor-element elementor-element-9575f2e elementor-widget elementor-widget-heading\" data-id=\"9575f2e\" data-element_type=\"widget\" data-e-type=\"widget\" data-widget_type=\"heading.default\">\n\t\t\t\t<div class=\"elementor-widget-container\">\n\t\t\t\t\t<h6 class=\"elementor-heading-title elementor-size-default\">servizi<\/h6>\t\t\t\t<\/div>\n\t\t\t\t<\/div>\n\t\t\t\t<div class=\"elementor-element elementor-element-a746f23 elementor-widget elementor-widget-heading\" data-id=\"a746f23\" data-element_type=\"widget\" data-e-type=\"widget\" data-widget_type=\"heading.default\">\n\t\t\t\t<div class=\"elementor-widget-container\">\n\t\t\t\t\t<h1 class=\"elementor-heading-title elementor-size-default\">TAGLIO<\/h1>\t\t\t\t<\/div>\n\t\t\t\t<\/div>\n\t\t\t\t<div class=\"elementor-element elementor-element-009ea26 elementor-widget elementor-widget-text-editor\" data-id=\"009ea26\" data-element_type=\"widget\" data-e-type=\"widget\" data-widget_type=\"text-editor.default\">\n\t\t\t\t<div class=\"elementor-widget-container\">\n\t\t\t\t\t\t\t\t\t<p>Il taglio per noi \u00e8 fondamentale, non \u00e8 estro o fantasia ma solo tecnica personalizzata<\/p>\t\t\t\t\t\t\t\t<\/div>\n\t\t\t\t<\/div>\n\t\t\t\t<div class=\"elementor-element elementor-element-ce09e6d elementor-align-center elementor-widget elementor-widget-button\" data-id=\"ce09e6d\" data-element_type=\"widget\" data-e-type=\"widget\" data-widget_type=\"button.default\">\n\t\t\t\t<div class=\"elementor-widget-container\">\n\t\t\t\t\t\t\t\t\t<div class=\"elementor-button-wrapper\">\n\t\t\t\t\t<a class=\"elementor-button elementor-button-link elementor-size-sm\" href=\"http:\/\/www.stevetotalbeauty.it\/new\/new\/appuntamento\/\">\n\t\t\t\t\t\t<span class=\"elementor-button-content-wrapper\">\n\t\t\t\t\t\t\t\t\t<span class=\"elementor-button-text\">PRENOTA ORA<\/span>\n\t\t\t\t\t<\/span>\n\t\t\t\t\t<\/a>\n\t\t\t\t<\/div>\n\t\t\t\t\t\t\t\t<\/div>\n\t\t\t\t<\/div>\n\t\t\t\t<\/div>\n\t\t\t\t<\/div>\n\t\t<div class=\"elementor-element elementor-element-6c23dd6 e-con-full e-flex qodef-elementor-content-no e-con e-parent\" data-id=\"6c23dd6\" data-element_type=\"container\" data-e-type=\"container\">\n\t\t<div class=\"elementor-element elementor-element-3f48399 e-con-full e-flex qodef-elementor-content-no e-con e-child\" data-id=\"3f48399\" data-element_type=\"container\" data-e-type=\"container\" data-settings=\"{&quot;background_background&quot;:&quot;classic&quot;}\">\n\t\t\t\t<div class=\"elementor-element elementor-element-b1fccdc elementor-widget elementor-widget-heading\" data-id=\"b1fccdc\" data-element_type=\"widget\" data-e-type=\"widget\" data-widget_type=\"heading.default\">\n\t\t\t\t<div class=\"elementor-widget-container\">\n\t\t\t\t\t<h6 class=\"elementor-heading-title elementor-size-default\">servizi<\/h6>\t\t\t\t<\/div>\n\t\t\t\t<\/div>\n\t\t\t\t<div class=\"elementor-element elementor-element-6fc7a3c elementor-widget elementor-widget-heading\" data-id=\"6fc7a3c\" data-element_type=\"widget\" data-e-type=\"widget\" data-widget_type=\"heading.default\">\n\t\t\t\t<div class=\"elementor-widget-container\">\n\t\t\t\t\t<h4 class=\"elementor-heading-title elementor-size-default\">COLORE<\/h4>\t\t\t\t<\/div>\n\t\t\t\t<\/div>\n\t\t\t\t<div class=\"elementor-element elementor-element-667a257 elementor-widget elementor-widget-heading\" data-id=\"667a257\" data-element_type=\"widget\" data-e-type=\"widget\" data-widget_type=\"heading.default\">\n\t\t\t\t<div class=\"elementor-widget-container\">\n\t\t\t\t\t<h2 class=\"elementor-heading-title elementor-size-default\">Colore e servizi tecnici: balayage colore, m\u00e9ches, graffiature ed effetti schiarenti di qualsiasi tipo<\/h2>\t\t\t\t<\/div>\n\t\t\t\t<\/div>\n\t\t\t\t<div class=\"elementor-element elementor-element-897f6f0 elementor-widget elementor-widget-spacer\" data-id=\"897f6f0\" data-element_type=\"widget\" data-e-type=\"widget\" data-widget_type=\"spacer.default\">\n\t\t\t\t<div class=\"elementor-widget-container\">\n\t\t\t\t\t\t\t<div class=\"elementor-spacer\">\n\t\t\t<div class=\"elementor-spacer-inner\"><\/div>\n\t\t<\/div>\n\t\t\t\t\t\t<\/div>\n\t\t\t\t<\/div>\n\t\t\t\t<div class=\"elementor-element elementor-element-4de8ad4 elementor-widget elementor-widget-spacer\" data-id=\"4de8ad4\" data-element_type=\"widget\" data-e-type=\"widget\" data-widget_type=\"spacer.default\">\n\t\t\t\t<div class=\"elementor-widget-container\">\n\t\t\t\t\t\t\t<div class=\"elementor-spacer\">\n\t\t\t<div class=\"elementor-spacer-inner\"><\/div>\n\t\t<\/div>\n\t\t\t\t\t\t<\/div>\n\t\t\t\t<\/div>\n\t\t\t\t<\/div>\n\t\t<div class=\"elementor-element elementor-element-707a4f6 e-con-full e-flex qodef-elementor-content-no e-con e-child\" data-id=\"707a4f6\" data-element_type=\"container\" data-e-type=\"container\" data-settings=\"{&quot;background_background&quot;:&quot;classic&quot;}\">\n\t\t\t\t<\/div>\n\t\t\t\t<\/div>\n\t\t<div class=\"elementor-element elementor-element-6b2434a e-con-full e-flex qodef-elementor-content-no e-con e-parent\" data-id=\"6b2434a\" data-element_type=\"container\" data-e-type=\"container\">\n\t\t<div class=\"elementor-element elementor-element-d1348b9 e-con-full e-flex qodef-elementor-content-no e-con e-child\" data-id=\"d1348b9\" data-element_type=\"container\" data-e-type=\"container\" data-settings=\"{&quot;background_background&quot;:&quot;classic&quot;}\">\n\t\t\t\t<\/div>\n\t\t<div class=\"elementor-element elementor-element-29bfc72 e-con-full e-flex qodef-elementor-content-no e-con e-child\" data-id=\"29bfc72\" data-element_type=\"container\" data-e-type=\"container\" data-settings=\"{&quot;background_background&quot;:&quot;classic&quot;}\">\n\t\t\t\t<div class=\"elementor-element elementor-element-9ae405b elementor-widget elementor-widget-heading\" data-id=\"9ae405b\" data-element_type=\"widget\" data-e-type=\"widget\" data-widget_type=\"heading.default\">\n\t\t\t\t<div class=\"elementor-widget-container\">\n\t\t\t\t\t<h6 class=\"elementor-heading-title elementor-size-default\">servizi<\/h6>\t\t\t\t<\/div>\n\t\t\t\t<\/div>\n\t\t\t\t<div class=\"elementor-element elementor-element-c6e52ee elementor-widget elementor-widget-spacer\" data-id=\"c6e52ee\" data-element_type=\"widget\" data-e-type=\"widget\" data-widget_type=\"spacer.default\">\n\t\t\t\t<div class=\"elementor-widget-container\">\n\t\t\t\t\t\t\t<div class=\"elementor-spacer\">\n\t\t\t<div class=\"elementor-spacer-inner\"><\/div>\n\t\t<\/div>\n\t\t\t\t\t\t<\/div>\n\t\t\t\t<\/div>\n\t\t\t\t<div class=\"elementor-element elementor-element-d3cce16 elementor-widget elementor-widget-heading\" data-id=\"d3cce16\" data-element_type=\"widget\" data-e-type=\"widget\" data-widget_type=\"heading.default\">\n\t\t\t\t<div class=\"elementor-widget-container\">\n\t\t\t\t\t<h4 class=\"elementor-heading-title elementor-size-default\">TRATTAMENTI<\/h4>\t\t\t\t<\/div>\n\t\t\t\t<\/div>\n\t\t\t\t<div class=\"elementor-element elementor-element-12a205c elementor-widget elementor-widget-text-editor\" data-id=\"12a205c\" data-element_type=\"widget\" data-e-type=\"widget\" data-widget_type=\"text-editor.default\">\n\t\t\t\t<div class=\"elementor-widget-container\">\n\t\t\t\t\t\t\t\t\t<p>&#8220;Un capello sano cresce su un cuoio capelluto sano&#8221;<\/p><p>&#8220;Antonio Fantini&#8221;<\/p>\t\t\t\t\t\t\t\t<\/div>\n\t\t\t\t<\/div>\n\t\t\t\t<\/div>\n\t\t\t\t<\/div>\n\t\t<div class=\"elementor-element elementor-element-5f64ad3 e-con-full e-flex qodef-elementor-content-no e-con e-parent\" data-id=\"5f64ad3\" data-element_type=\"container\" data-e-type=\"container\">\n\t\t<div class=\"elementor-element elementor-element-f6b8570 e-con-full e-flex qodef-elementor-content-no e-con e-child\" data-id=\"f6b8570\" data-element_type=\"container\" data-e-type=\"container\" data-settings=\"{&quot;background_background&quot;:&quot;classic&quot;}\">\n\t\t\t\t<div class=\"elementor-element elementor-element-1a17596 elementor-widget elementor-widget-heading\" data-id=\"1a17596\" data-element_type=\"widget\" data-e-type=\"widget\" data-widget_type=\"heading.default\">\n\t\t\t\t<div class=\"elementor-widget-container\">\n\t\t\t\t\t<h6 class=\"elementor-heading-title elementor-size-default\">servizi<\/h6>\t\t\t\t<\/div>\n\t\t\t\t<\/div>\n\t\t\t\t<div class=\"elementor-element elementor-element-1d220fe elementor-widget elementor-widget-spacer\" data-id=\"1d220fe\" data-element_type=\"widget\" data-e-type=\"widget\" data-widget_type=\"spacer.default\">\n\t\t\t\t<div class=\"elementor-widget-container\">\n\t\t\t\t\t\t\t<div class=\"elementor-spacer\">\n\t\t\t<div class=\"elementor-spacer-inner\"><\/div>\n\t\t<\/div>\n\t\t\t\t\t\t<\/div>\n\t\t\t\t<\/div>\n\t\t\t\t<div class=\"elementor-element elementor-element-722312e elementor-widget elementor-widget-heading\" data-id=\"722312e\" data-element_type=\"widget\" data-e-type=\"widget\" data-widget_type=\"heading.default\">\n\t\t\t\t<div class=\"elementor-widget-container\">\n\t\t\t\t\t<h4 class=\"elementor-heading-title elementor-size-default\">PIEGA<\/h4>\t\t\t\t<\/div>\n\t\t\t\t<\/div>\n\t\t\t\t<div class=\"elementor-element elementor-element-ba441da elementor-widget elementor-widget-text-editor\" data-id=\"ba441da\" data-element_type=\"widget\" data-e-type=\"widget\" data-widget_type=\"text-editor.default\">\n\t\t\t\t<div class=\"elementor-widget-container\">\n\t\t\t\t\t\t\t\t\t<p>Una personalizzazione a seconda della tua esigenza<\/p>\t\t\t\t\t\t\t\t<\/div>\n\t\t\t\t<\/div>\n\t\t\t\t<div class=\"elementor-element elementor-element-6a36cf4 elementor-align-center elementor-widget elementor-widget-button\" data-id=\"6a36cf4\" data-element_type=\"widget\" data-e-type=\"widget\" data-widget_type=\"button.default\">\n\t\t\t\t<div class=\"elementor-widget-container\">\n\t\t\t\t\t\t\t\t\t<div class=\"elementor-button-wrapper\">\n\t\t\t\t\t<a class=\"elementor-button elementor-button-link elementor-size-sm\" href=\"http:\/\/www.stevetotalbeauty.it\/new\/new\/appuntamento\/\">\n\t\t\t\t\t\t<span class=\"elementor-button-content-wrapper\">\n\t\t\t\t\t\t\t\t\t<span class=\"elementor-button-text\">PRENOTA ORA<\/span>\n\t\t\t\t\t<\/span>\n\t\t\t\t\t<\/a>\n\t\t\t\t<\/div>\n\t\t\t\t\t\t\t\t<\/div>\n\t\t\t\t<\/div>\n\t\t\t\t<\/div>\n\t\t<div class=\"elementor-element elementor-element-6eba437 e-con-full e-flex qodef-elementor-content-no e-con e-child\" data-id=\"6eba437\" data-element_type=\"container\" data-e-type=\"container\" data-settings=\"{&quot;background_background&quot;:&quot;classic&quot;}\">\n\t\t\t\t<\/div>\n\t\t\t\t<\/div>\n\t\t\t\t<\/div>\n\t\t","protected":false},"excerpt":{"rendered":"<p>I SERVIZI servizi TAGLIO Il taglio per noi \u00e8 fondamentale, non \u00e8 estro o fantasia ma solo tecnica personalizzata PRENOTA ORA servizi COLORE Colore e servizi tecnici: balayage colore, m\u00e9ches, graffiature ed effetti schiarenti di qualsiasi tipo servizi TRATTAMENTI &#8220;Un capello sano cresce su un cuoio capelluto sano&#8221; &#8220;Antonio Fantini&#8221; servizi PIEGA Una personalizzazione a [&hellip;]<\/p>\n","protected":false},"author":1,"featured_media":0,"parent":0,"menu_order":0,"comment_status":"closed","ping_status":"closed","template":"","meta":{"footnotes":""},"class_list":["post-15437","page","type-page","status-publish","hentry"],"yoast_head":"<!-- This site is optimized with the Yoast SEO plugin v27.3 - https:\/\/yoast.com\/product\/yoast-seo-wordpress\/ -->\n<title>I nostri servizi | Steve Total Beauty Milano Marittima<\/title>\n<meta name=\"description\" content=\"Scopri tutti i servizi a te riservati, coccole e trattamenti per un servizio al top\" \/>\n<meta name=\"robots\" content=\"index, follow, max-snippet:-1, max-image-preview:large, max-video-preview:-1\" \/>\n<link rel=\"canonical\" href=\"https:\/\/www.stevetotalbeauty.it\/new\/servizi\/\" \/>\n<meta property=\"og:locale\" content=\"it_IT\" \/>\n<meta property=\"og:type\" content=\"article\" \/>\n<meta property=\"og:title\" content=\"I nostri servizi | Steve Total Beauty Milano Marittima\" \/>\n<meta property=\"og:description\" content=\"Scopri tutti i servizi a te riservati, coccole e trattamenti per un servizio al top\" \/>\n<meta property=\"og:url\" content=\"https:\/\/www.stevetotalbeauty.it\/new\/servizi\/\" \/>\n<meta property=\"og:site_name\" content=\"Steve Total Beauty\" \/>\n<meta property=\"article:publisher\" content=\"https:\/\/www.facebook.com\/stevetotalbeauty\" \/>\n<meta property=\"article:modified_time\" content=\"2025-07-22T10:53:44+00:00\" \/>\n<meta name=\"twitter:card\" content=\"summary_large_image\" \/>\n<meta name=\"twitter:label1\" content=\"Tempo di lettura stimato\" \/>\n\t<meta name=\"twitter:data1\" content=\"9 minuti\" \/>\n<script type=\"application\/ld+json\" class=\"yoast-schema-graph\">{\"@context\":\"https:\\\/\\\/schema.org\",\"@graph\":[{\"@type\":\"WebPage\",\"@id\":\"https:\\\/\\\/www.stevetotalbeauty.it\\\/new\\\/servizi\\\/\",\"url\":\"https:\\\/\\\/www.stevetotalbeauty.it\\\/new\\\/servizi\\\/\",\"name\":\"I nostri servizi | Steve Total Beauty Milano Marittima\",\"isPartOf\":{\"@id\":\"https:\\\/\\\/www.stevetotalbeauty.it\\\/new\\\/#website\"},\"datePublished\":\"2022-04-27T09:17:55+00:00\",\"dateModified\":\"2025-07-22T10:53:44+00:00\",\"description\":\"Scopri tutti i servizi a te riservati, coccole e trattamenti per un servizio al top\",\"breadcrumb\":{\"@id\":\"https:\\\/\\\/www.stevetotalbeauty.it\\\/new\\\/servizi\\\/#breadcrumb\"},\"inLanguage\":\"it-IT\",\"potentialAction\":[{\"@type\":\"ReadAction\",\"target\":[\"https:\\\/\\\/www.stevetotalbeauty.it\\\/new\\\/servizi\\\/\"]}]},{\"@type\":\"BreadcrumbList\",\"@id\":\"https:\\\/\\\/www.stevetotalbeauty.it\\\/new\\\/servizi\\\/#breadcrumb\",\"itemListElement\":[{\"@type\":\"ListItem\",\"position\":1,\"name\":\"Home\",\"item\":\"https:\\\/\\\/www.stevetotalbeauty.it\\\/new\\\/\"},{\"@type\":\"ListItem\",\"position\":2,\"name\":\"Servizi\"}]},{\"@type\":\"WebSite\",\"@id\":\"https:\\\/\\\/www.stevetotalbeauty.it\\\/new\\\/#website\",\"url\":\"https:\\\/\\\/www.stevetotalbeauty.it\\\/new\\\/\",\"name\":\"Steve Total Beauty - Parrucchiere a Milano Marittima\",\"description\":\"Milano Marittima\",\"publisher\":{\"@id\":\"https:\\\/\\\/www.stevetotalbeauty.it\\\/new\\\/#organization\"},\"potentialAction\":[{\"@type\":\"SearchAction\",\"target\":{\"@type\":\"EntryPoint\",\"urlTemplate\":\"https:\\\/\\\/www.stevetotalbeauty.it\\\/new\\\/?s={search_term_string}\"},\"query-input\":{\"@type\":\"PropertyValueSpecification\",\"valueRequired\":true,\"valueName\":\"search_term_string\"}}],\"inLanguage\":\"it-IT\"},{\"@type\":\"Organization\",\"@id\":\"https:\\\/\\\/www.stevetotalbeauty.it\\\/new\\\/#organization\",\"name\":\"Steve Total Beauty - Parrucchiere a Milano Marittima\",\"url\":\"https:\\\/\\\/www.stevetotalbeauty.it\\\/new\\\/\",\"logo\":{\"@type\":\"ImageObject\",\"inLanguage\":\"it-IT\",\"@id\":\"https:\\\/\\\/www.stevetotalbeauty.it\\\/new\\\/#\\\/schema\\\/logo\\\/image\\\/\",\"url\":\"http:\\\/\\\/www.stevetotalbeauty.it\\\/new\\\/wp-content\\\/uploads\\\/2022\\\/04\\\/STEVE-logo-Vettoriale.png\",\"contentUrl\":\"http:\\\/\\\/www.stevetotalbeauty.it\\\/new\\\/wp-content\\\/uploads\\\/2022\\\/04\\\/STEVE-logo-Vettoriale.png\",\"width\":622,\"height\":272,\"caption\":\"Steve Total Beauty - Parrucchiere a Milano Marittima\"},\"image\":{\"@id\":\"https:\\\/\\\/www.stevetotalbeauty.it\\\/new\\\/#\\\/schema\\\/logo\\\/image\\\/\"},\"sameAs\":[\"https:\\\/\\\/www.facebook.com\\\/stevetotalbeauty\",\"http:\\\/\\\/instagram.com\\\/stevetotalbeauty\",\"https:\\\/\\\/www.youtube.com\\\/channel\\\/UCJ183XXnTpDaDHunWYbaxBA\",\"https:\\\/\\\/www.pinterest.it\\\/antoniofantini\\\/\"]}]}<\/script>\n<!-- \/ Yoast SEO plugin. -->","yoast_head_json":{"title":"I nostri servizi | Steve Total Beauty Milano Marittima","description":"Scopri tutti i servizi a te riservati, coccole e trattamenti per un servizio al top","robots":{"index":"index","follow":"follow","max-snippet":"max-snippet:-1","max-image-preview":"max-image-preview:large","max-video-preview":"max-video-preview:-1"},"canonical":"https:\/\/www.stevetotalbeauty.it\/new\/servizi\/","og_locale":"it_IT","og_type":"article","og_title":"I nostri servizi | Steve Total Beauty Milano Marittima","og_description":"Scopri tutti i servizi a te riservati, coccole e trattamenti per un servizio al top","og_url":"https:\/\/www.stevetotalbeauty.it\/new\/servizi\/","og_site_name":"Steve Total Beauty","article_publisher":"https:\/\/www.facebook.com\/stevetotalbeauty","article_modified_time":"2025-07-22T10:53:44+00:00","twitter_card":"summary_large_image","twitter_misc":{"Tempo di lettura stimato":"9 minuti"},"schema":{"@context":"https:\/\/schema.org","@graph":[{"@type":"WebPage","@id":"https:\/\/www.stevetotalbeauty.it\/new\/servizi\/","url":"https:\/\/www.stevetotalbeauty.it\/new\/servizi\/","name":"I nostri servizi | Steve Total Beauty Milano Marittima","isPartOf":{"@id":"https:\/\/www.stevetotalbeauty.it\/new\/#website"},"datePublished":"2022-04-27T09:17:55+00:00","dateModified":"2025-07-22T10:53:44+00:00","description":"Scopri tutti i servizi a te riservati, coccole e trattamenti per un servizio al top","breadcrumb":{"@id":"https:\/\/www.stevetotalbeauty.it\/new\/servizi\/#breadcrumb"},"inLanguage":"it-IT","potentialAction":[{"@type":"ReadAction","target":["https:\/\/www.stevetotalbeauty.it\/new\/servizi\/"]}]},{"@type":"BreadcrumbList","@id":"https:\/\/www.stevetotalbeauty.it\/new\/servizi\/#breadcrumb","itemListElement":[{"@type":"ListItem","position":1,"name":"Home","item":"https:\/\/www.stevetotalbeauty.it\/new\/"},{"@type":"ListItem","position":2,"name":"Servizi"}]},{"@type":"WebSite","@id":"https:\/\/www.stevetotalbeauty.it\/new\/#website","url":"https:\/\/www.stevetotalbeauty.it\/new\/","name":"Steve Total Beauty - Parrucchiere a Milano Marittima","description":"Milano Marittima","publisher":{"@id":"https:\/\/www.stevetotalbeauty.it\/new\/#organization"},"potentialAction":[{"@type":"SearchAction","target":{"@type":"EntryPoint","urlTemplate":"https:\/\/www.stevetotalbeauty.it\/new\/?s={search_term_string}"},"query-input":{"@type":"PropertyValueSpecification","valueRequired":true,"valueName":"search_term_string"}}],"inLanguage":"it-IT"},{"@type":"Organization","@id":"https:\/\/www.stevetotalbeauty.it\/new\/#organization","name":"Steve Total Beauty - Parrucchiere a Milano Marittima","url":"https:\/\/www.stevetotalbeauty.it\/new\/","logo":{"@type":"ImageObject","inLanguage":"it-IT","@id":"https:\/\/www.stevetotalbeauty.it\/new\/#\/schema\/logo\/image\/","url":"http:\/\/www.stevetotalbeauty.it\/new\/wp-content\/uploads\/2022\/04\/STEVE-logo-Vettoriale.png","contentUrl":"http:\/\/www.stevetotalbeauty.it\/new\/wp-content\/uploads\/2022\/04\/STEVE-logo-Vettoriale.png","width":622,"height":272,"caption":"Steve Total Beauty - Parrucchiere a Milano Marittima"},"image":{"@id":"https:\/\/www.stevetotalbeauty.it\/new\/#\/schema\/logo\/image\/"},"sameAs":["https:\/\/www.facebook.com\/stevetotalbeauty","http:\/\/instagram.com\/stevetotalbeauty","https:\/\/www.youtube.com\/channel\/UCJ183XXnTpDaDHunWYbaxBA","https:\/\/www.pinterest.it\/antoniofantini\/"]}]}},"_links":{"self":[{"href":"https:\/\/www.stevetotalbeauty.it\/new\/wp-json\/wp\/v2\/pages\/15437","targetHints":{"allow":["GET"]}}],"collection":[{"href":"https:\/\/www.stevetotalbeauty.it\/new\/wp-json\/wp\/v2\/pages"}],"about":[{"href":"https:\/\/www.stevetotalbeauty.it\/new\/wp-json\/wp\/v2\/types\/page"}],"author":[{"embeddable":true,"href":"https:\/\/www.stevetotalbeauty.it\/new\/wp-json\/wp\/v2\/users\/1"}],"replies":[{"embeddable":true,"href":"https:\/\/www.stevetotalbeauty.it\/new\/wp-json\/wp\/v2\/comments?post=15437"}],"version-history":[{"count":119,"href":"https:\/\/www.stevetotalbeauty.it\/new\/wp-json\/wp\/v2\/pages\/15437\/revisions"}],"predecessor-version":[{"id":17908,"href":"https:\/\/www.stevetotalbeauty.it\/new\/wp-json\/wp\/v2\/pages\/15437\/revisions\/17908"}],"wp:attachment":[{"href":"https:\/\/www.stevetotalbeauty.it\/new\/wp-json\/wp\/v2\/media?parent=15437"}],"curies":[{"name":"wp","href":"https:\/\/api.w.org\/{rel}","templated":true}]}}