{"id":3,"date":"2020-06-26T14:11:26","date_gmt":"2020-06-26T14:11:26","guid":{"rendered":"https:\/\/bridge379.qodeinteractive.com\/?page_id=3"},"modified":"2022-10-06T15:36:01","modified_gmt":"2022-10-06T15:36:01","slug":"privacy-policy","status":"publish","type":"page","link":"https:\/\/www.stevetotalbeauty.it\/new\/privacy-policy\/","title":{"rendered":"Privacy Policy"},"content":{"rendered":"\t\t<div data-elementor-type=\"wp-page\" data-elementor-id=\"3\" class=\"elementor elementor-3\" data-elementor-post-type=\"page\">\n\t\t\t\t\t\t<section class=\"elementor-section elementor-top-section elementor-element elementor-element-5ef15a60 elementor-section-boxed elementor-section-height-default elementor-section-height-default qodef-elementor-content-no\" data-id=\"5ef15a60\" data-element_type=\"section\" data-e-type=\"section\">\n\t\t\t\t\t\t<div class=\"elementor-container elementor-column-gap-default\">\n\t\t\t\t\t<div class=\"elementor-column elementor-col-100 elementor-top-column elementor-element elementor-element-6a791180\" data-id=\"6a791180\" data-element_type=\"column\" data-e-type=\"column\">\n\t\t\t<div class=\"elementor-widget-wrap elementor-element-populated\">\n\t\t\t\t\t\t<div class=\"elementor-element elementor-element-27f67511 elementor-widget elementor-widget-text-editor\" data-id=\"27f67511\" data-element_type=\"widget\" data-e-type=\"widget\" data-widget_type=\"text-editor.default\">\n\t\t\t\t<div class=\"elementor-widget-container\">\n\t\t\t\t\t\t\t\t\t<p style=\"font-weight: 400;\"><strong><em>Gentile Utente,<\/em><\/strong><\/p>\n<p style=\"font-weight: 400;\">In questa pagina si descrivono le modalit\u00e0 di gestione del sito in riferimento al trattamento dei dati personali degli utenti che lo consultano.<\/p>\n<p style=\"font-weight: 400;\">Si tratta di un&#8217;informativa resa, ai sensi dell&#8217;art. 13 del Regolamento generale sulla protezione dei dati 16\/679, di seguito anche, per brevit\u00e0, \u201cGDPR\u201d, per i servizi e le pagine web del sito accessibili per via telematica a partire dall&#8217;indirizzo: <a href=\"http:\/\/www.stevetotalbeauty.it\/new\/\"><strong>www.stevetotalbeauty.it<\/strong><\/a><strong> &nbsp;<\/strong>corrispondente alla pagina iniziale del sito.<\/p>\n<p style=\"font-weight: 400;\">L&#8217;informativa \u00e8 resa esclusivamente in relazione al sito in oggetto e non \u00e8 estendibile ad altri siti o pagine non appartenenti al sito stesso consultati dall&#8217;utente tramite link per i quali l\u2019utente \u00e8 incoraggiato a consultare le rispettive privacy policy.<\/p>\n<p><strong>Titolare del trattamento<\/strong><\/p>\n<p style=\"font-weight: 400;\">Il titolare del trattamento \u00e8 l\u2019impresa <strong>STEVE TOTAL BEAUTY di Fantini Antonio<\/strong> sita in Piazzale Donatello 2 &#8211; 48015 Milano Marittima (RA) ed i recapiti a cui pu\u00f2 essere contattato sono i seguenti:&nbsp;&nbsp;&nbsp;&nbsp;&nbsp;&nbsp;&nbsp;&nbsp;<\/p>\n<p style=\"font-weight: 400;\">PEC: <a href=\"mailto:antoniofantini78@cert.cna.it\">antoniofantini78@cert.cna.it<\/a> &nbsp;&nbsp;&nbsp;&nbsp;&nbsp;&nbsp;&nbsp; &nbsp;&nbsp;&nbsp;<\/p>\n<p style=\"font-weight: 400;\">EMAIL: <a href=\"mailto:info@stevetotalbeauty.it\">info@stevetotalbeauty.it<\/a><\/p>\n<p style=\"font-weight: 400;\">RECAPITO TELEFONICO: 0544\/991839<\/p>\n<p><strong>Tipologia di dati acquisiti e finalit\u00e0 del trattamento<\/strong><\/p>\n<p style=\"font-weight: 400;\"><u>Dati di navigazione o di utilizzo:<\/u> i sistemi informatici e le procedure software preposte al funzionamento di questo sito acquisiscono, nel corso del loro normale esercizio, alcuni dati personali la cui trasmissione \u00e8 implicita nell&#8217;uso dei protocolli di comunicazione di Internet, questi dati verranno pertanto raccolti automaticamente durante l\u2019utilizzo di questa applicazione.<\/p>\n<p style=\"font-weight: 400;\">In questa categoria di dati rientrano gli indirizzi IP o i nomi a dominio dei computer e dei terminali utilizzati dagli utenti, gli indirizzi in notazione URI\/URL (Uniform Resource Identifier\/Locator) delle risorse richieste, l&#8217;orario della richiesta, il metodo utilizzato nel sottoporre la richiesta al server, la dimensione del file ottenuto in risposta, il codice numerico indicante lo stato della risposta data dal server (buon fine, errore, ecc.), .), i cookie per cui \u00e8 possibile consultare la cookie policy annessa, ed altri parametri relativi al sistema operativo e all&#8217;ambiente informatico dell&#8217;utente.<\/p>\n<p style=\"font-weight: 400;\">Tali dati, necessari per la fruizione dei servizi web, vengono anche trattati allo scopo di:<\/p>\n<p style=\"font-weight: 400;\">&#8211; ottenere informazioni statistiche sull&#8217;uso dei servizi (pagine pi\u00f9 visitate, numero di visitatori per fascia oraria o giornaliera, aree geografiche di provenienza, ecc.);<\/p>\n<p style=\"font-weight: 400;\">&#8211; controllare il corretto funzionamento dei servizi offerti.<\/p>\n<p style=\"font-weight: 400;\"><u>Dati comunicati dall\u2019utente<\/u>: il visitatore\/utente non \u00e8 tenuto ad inserire nessun dato personale all\u2019interno del sito, ad eccezione dell\u2019area dedicata al servizio \u201cCONTATTI\u201d (accessibile anche dal plugin \u201cPRENOTA UN APPUNTAMENTO\u201d) su libera scelta dell\u2019utente dove \u00e8 presente specifica informativa privacy dedicata.<\/p>\n<p style=\"font-weight: 400;\">Qualora il visitatore \/ utente per accedere ai servizi fruibili in questo sito decida di inviare i propri dati personali attraverso la compilazione del form presente nell\u2019area specifica del sito a tale servizio dedicata, il titolare tratter\u00e0 tali dati per fornire il servizio richiesto in conformit\u00e0 alle indicazioni della presente Policy Privacy e della specifica informativa resa in fase di adesione.<\/p>\n<p style=\"font-weight: 400;\">Tali dati saranno utilizzati mediante strumenti informatici e\/o telematici, con modalit\u00e0 organizzative e logiche strettamente correlate al solo fine di eseguire il servizio o la prestazione richiesta da parte del titolare o in alcuni casi da i soggetti coinvolti nell\u2019organizzazione dell\u2019attivit\u00e0 del titolare e da lui incaricati (personale amministrativo, addetti alle assistenze, personale commerciale o amministratori del sistema informatico).<\/p>\n<p style=\"font-weight: 400;\">Il titolare adotta le opportune misure di sicurezza volte ad impedire l\u2019eventuale accesso, la divulgazione, la modifica o la distruzione non autorizzate di tali dati personali.<\/p>\n<p><strong>Base giuridica del trattamento<\/strong><\/p>\n<p style=\"font-weight: 400;\">La base giuridica del trattamento dei dati da lei comunicati attraverso la compilazione del form \u00e8 rappresentata dall\u2019esigenza di carattere potenzialmente precontrattuale espressa con l\u2019invio del quesito e\/o della richiesta di informazioni, preventivi o ordini.<\/p>\n<p><strong>&nbsp;<\/strong><\/p>\n<p><strong>Destinatari o eventuali categorie di destinatari dei dati<\/strong><\/p>\n<p style=\"font-weight: 400;\">I dati di navigazione sono curati solo da personale tecnico incaricato del trattamento, oppure da eventuali incaricati di occasionali operazioni di manutenzione. Nessun dato derivante dal servizio web viene comunicato o diffuso.<\/p>\n<p style=\"font-weight: 400;\">I dati personali volontariamente forniti dagli utenti \/ visitatori che inoltrano richieste di informazioni o prenotano un appuntamento sono utilizzati al solo fine di eseguire il servizio o la prestazione richiesta e non verranno diffusi esternamente al contesto aziendale, verranno trattati dal personale del titolare che agisce sulla base di specifiche istruzioni fornite dallo stesso in ordine&nbsp; alle finalit\u00e0 e modalit\u00e0 del trattamento medesimo.<\/p>\n<p style=\"font-weight: 400;\">L\u2019elenco aggiornato dei responsabili del trattamento potr\u00e0 sempre essere richiesto in qualsiasi momento al Titolare del trattamento.<\/p>\n<p><strong>Periodo di conservazione<\/strong><\/p>\n<p style=\"font-weight: 400;\"><u>I dati comunicati dall\u2019utente<\/u> per la registrazione all\u2019area dei contatti sono conservati per il tempo richiesto dalle finalit\u00e0 per le quali sono stati raccolti.<\/p>\n<p style=\"font-weight: 400;\"><u>I dati di navigazione<\/u> vengono cancellati immediatamente dopo la loro aggregazione (salve eventuali necessit\u00e0 di accertamento di reati da parte dell&#8217;Autorit\u00e0).<\/p>\n<p><strong>Facoltativit\u00e0 del conferimento dei dati<\/strong><\/p>\n<p style=\"font-weight: 400;\">Il conferimento dei dati effettuato dagli utenti\/visitatori del sito, ha sempre carattere facoltativo; tuttavia, in caso di mancata trasmissione dei dati contrassegnati come &#8220;obbligatori&#8221; all&#8217;interno dei moduli di richiesta, STEVE TOTAL BEAUTY non sar\u00e0 in grado di fornire all&#8217;utente le informazioni od i servizi, di volta in volta, richiesti. <br>Specifiche informative di sintesi verranno eventualmente riportate o visualizzate nelle pagine del sito predisposte per particolari servizi a richiesta.<\/p>\n<p><strong>Diritti degli interessati<\/strong><\/p>\n<p style=\"font-weight: 400;\">I soggetti cui si riferiscono i dati personali potranno in qualunque momento esercitare i diritti previsti dagli artt. 15-21 del Regolamento UE 679\/16, vale a dire: accedere ai dati che li riguardano, ottenerne la rettifica , la cancellazione, la limitazione, opporsi in tutto od in parte al loro trattamento rivolgendosi al Titolare dello stesso, le richieste sono evase dal titolare a titolo gratuito, nel pi\u00f9 breve tempo possibile, in ogni caso entro il termine massimo di un mese.<\/p>\n<p style=\"font-weight: 400;\">Per esercitare tali diritti sar\u00e0 possibile scrivere a STEVE TOTAL BEAUTY di Fantini Antonio, Piazzale Donatello 2 \u2013 48015 Milano Marittima (RA) oppure inviare una e-mail all\u2019indirizzo: <a href=\"mailto:info@stevetotalbeauty.it\"><em>info@stevetotalbeauty.it<\/em><\/a><em> &nbsp;<\/em><\/p>\n<p style=\"font-weight: 400;\"><u>Diritto di reclamo<\/u><strong>: <\/strong>gli interessati che ritengono che il trattamento dei dati personali a loro riferiti effettuato attraverso questo sito avvenga in violazione di quanto previsto dal Regolamento hanno il diritto di proporre reclamo al Garante, come previsto dall&#8217;art. 77 del Regolamento stesso, o di adire le opportune sedi giudiziarie (art. 79 del Regolamento).<\/p>\n<p style=\"font-weight: 400;\"><em>&nbsp;<\/em><\/p>\n<p style=\"font-weight: 400;\"><em>Aggiornamento del 24 Maggio 2018<\/em><\/p>\n<p style=\"font-weight: 400;\"><strong><u>INFORMATIVA SUI COOKIE sito <\/u><\/strong><a href=\"http:\/\/www.stevetotalbeauty.it\/new\/\"><strong>WWW.STEVETOTALBEAUTY.IT<\/strong><\/a> &nbsp;<\/p>\n<p style=\"font-weight: 400;\"><strong>Cosa sono i cookie: <\/strong>sono di regola stringhe di testo che i siti web, visitati dall\u2019utente e\/o siti o web server diversi (cd. \u201cterze parti\u201d) posizionano ed archiviano all\u2019interno di un dispositivo terminale nella disponibilit\u00e0 dell\u2019utente medesimo. I software per la navigazione in internet e il funzionamento di questi dispositivi, ad esempio i browser, possono memorizzare i cookie e poi trasmetterli nuovamente ai siti che li hanno generati in occasione di una successiva visita del medesimo utente, mantenendo cos\u00ec memoria della sua precedente interazione con uno o pi\u00f9 siti web. Le informazioni codificate nei cookie possono includere dati personali, come un indirizzo IP, un nome utente, un identificativo univoco, un localizzatore della risorsa informatica (URL) o un indirizzo e-mail, ma possono anche contenere dati non personali, come le impostazioni della lingua o informazioni sul tipo di dispositivo che una persona sta utilizzando per navigare nel sito.<\/p>\n<p style=\"font-weight: 400;\"><strong>&nbsp;<\/strong><\/p>\n<p style=\"font-weight: 400;\"><strong>Funzionamento dei cookie: <\/strong>possono dunque svolgere importanti e diverse funzioni, tra cui il monitoraggio di sessioni, la memorizzazione di informazioni su specifiche configurazioni riguardanti gli utenti che accedono al server, l\u2019agevolazione nella fruizione dei contenuti online etc. Possono ad esempio essere impiegati per tenere traccia degli articoli in un carrello degli acquisti online o delle informazioni utilizzate per la compilazione di un modulo informatico.<\/p>\n<p style=\"font-weight: 400;\">I cookie possono essere generati direttamente dal gestore del sito web consultato (\u201ccookie di prima parte\u201d) o generati da soggetti diversi dal gestore del sito, ospitati sulla pagina stessa (\u201ccookie di terze parti\u201d)<\/p>\n<p style=\"font-weight: 400;\">Se da un lato \u00e8 tramite i cookie che \u00e8 possibile consentire, alle pagine web di caricarsi pi\u00f9 velocemente, e trasmettere correttamente le informazioni su una rete &#8211; <em>in linea dunque con adempimenti strettamente connessi alla operativit\u00e0 stessa dei siti web<\/em> -, sempre attraverso i cookie \u00e8 possibile anche veicolare la pubblicit\u00e0 comportamentale e misurare poi l\u2019efficacia del messaggio pubblicitario, ovvero conformare tipologia e modalit\u00e0 dei servizi resi ai comportamenti dell\u2019utente oggetto di precedente osservazione.<\/p>\n<p style=\"font-weight: 400;\"><u>Si possono dunque individuare due macro-categorie<\/u>:<\/p>\n<ul>\n<li><strong>cookie tecnici e di funzionalit\u00e0, <\/strong>generalmente necessari per il corretto funzionamento del sito web e per permettere la navigazione, autenticazione nelle aree riservate, effettuare acquisti on line. Sono necessari per visualizzare correttamente la pagina e per utilizzare i servizi previsti; agevolano la consultazione del sito, memorizzando alcune impostazioni di lingua, di visualizzazione, e cos\u00ec via.<\/li>\n<li><strong>cookie di profilazione, <\/strong>volti a creare profili relativi all\u2019utente e utilizzati per promuovere offerte in linea con le preferenze manifestate dallo stesso nell\u2019ambito della navigazione in rete. Dal momento che tali strumenti <strong>non sono necessari per il corretto funzionamento del sito<\/strong> ma sono utilizzati esclusivamente per personalizzare informazione e pubblicit\u00e0 offerta all\u2019utente<strong>,&nbsp;richiedono il suo consenso, liberamente revocabile in ogni momento senza pregiudizio per il trattamento precedente alla revoca<\/strong> (art. 6, co. 1, lett. a) del GDPR)<\/li>\n<\/ul>\n<p style=\"font-weight: 400;\"><strong><u>Questo sito non utilizza cookie di profilazione o similari.<\/u><\/strong><\/p>\n<p style=\"font-weight: 400;\"><strong>&nbsp;<\/strong><\/p>\n<p style=\"font-weight: 400;\"><strong><u>L\u2019utilizzo di cookie tecnici e di funzionalit\u00e0 non richiede il consenso dell\u2019utente secondo quanto previsto dalla direttiva 2009\/136\/CE,<\/u><\/strong><strong> dal provvedimento del Garante dell\u20198 maggio 2014 e dalle \u201cLinee guida cookie e altri strumenti di tracciamento del 10\/06\/2021\u201d. La disattivazione dei cookie tecnici potrebbe creare malfunzionamenti e impedire all\u2019utente la visualizzazione del sito.<\/strong><\/p>\n<p style=\"font-weight: 400;\"><strong>QUALI&nbsp;COOKIE&nbsp;SPECIFICI USA: HTTPS: <\/strong><a href=\"http:\/\/www.stevetotalbeauty.it\/new\/\"><strong>www.stevetotalbeauty.it<\/strong><\/a> &nbsp;<\/p>\n<p style=\"font-weight: 400;\"><strong><u>In questo sito utilizziamo i seguenti&nbsp;cookie&nbsp;tecnici: <\/u><\/strong><\/p><p style=\"font-weight: 400;\"><b style=\"caret-color: rgb(60, 67, 74); color: rgb(60, 67, 74); font-family: -apple-system, BlinkMacSystemFont, &quot;Segoe UI&quot;, Roboto, Oxygen-Sans, Ubuntu, Cantarell, &quot;Helvetica Neue&quot;, sans-serif; font-size: 13px;\"><script\n\t\ttype=\"text\/javascript\"\n\t\tid=\"CookieDeclaration\"\n\t\tsrc=\"https:\/\/consent.cookiebot.com\/04fd035b-9565-4d9d-8f99-f5b149977707\/cd.js\"\n\t\t\tdata-culture=\"IT\"\n\t\tasync><\/script>\n<\/b><strong><u><br><\/u><\/strong><\/p>\n<table style=\"font-weight: 400; height: 381px;\" width=\"655\"><tbody><\/tbody><\/table>\n<p style=\"font-weight: 400;\"><strong><u>Destinatari e periodo di conservazione dei dati:<\/u><\/strong><\/p>\n<ul>\n<li>Per esclusive ragioni tecniche, i dati potranno essere trattati da soggetti debitamente designati quali Responsabili del trattamento. Le tempistiche di conservazione sono riportate tra le informazioni relative ad ogni cookie, in elenco. I dati personali potranno inoltre essere comunicati a soggetti pubblici se previsto da disposizioni di legge.<\/li>\n<li>Per tutte le informazioni che riguardano il trattamento di dati personali raccolti tramite cookie di terze parti da parte dei relativi gestori (compresi tempistiche e gli eventuali trasferimenti dei dati personali in Paesi extra-UE) si rimanda ai link aggiornati di informativa, nell\u2019elenco dei cookie.<\/li>\n<li><strong>Diritti degli interessati<\/strong><\/li>\n<li>Gli interessati desiderano proporre reclamo dinanzi all\u2019Autorit\u00e0 Garante per la protezione dei dati personali (esercizio dei diritti degli interessati artt. 15 e ss. del REG UE 2016\/679), facciano riferimento all\u2019informativa \u201cpolicy privacy\u201d del sito stesso e delle terze parti.<\/li>\n<li><strong>Ulteriori informazioni<\/strong><\/li>\n<li>Ogni utente pu\u00f2 configurare il proprio browser in modo da non accettare automaticamente cookie (attraverso impostazioni preconfigurate dai produttori dei software utilizzati).<\/li>\n<\/ul>\n<p style=\"font-weight: 400;\"><strong>Aggiornamento al 20\/09\/2022<\/strong><\/p>\t\t\t\t\t\t\t\t<\/div>\n\t\t\t\t<\/div>\n\t\t\t\t\t<\/div>\n\t\t<\/div>\n\t\t\t\t\t<\/div>\n\t\t<\/section>\n\t\t\t\t<\/div>\n\t\t","protected":false},"excerpt":{"rendered":"<p>Gentile Utente, In questa pagina si descrivono le modalit\u00e0 di gestione del sito in riferimento al trattamento dei dati personali degli utenti che lo consultano. Si tratta di un&#8217;informativa resa, ai sensi dell&#8217;art. 13 del Regolamento generale sulla protezione dei dati 16\/679, di seguito anche, per brevit\u00e0, \u201cGDPR\u201d, per i servizi e le pagine web [&hellip;]<\/p>\n","protected":false},"author":1,"featured_media":0,"parent":0,"menu_order":0,"comment_status":"closed","ping_status":"open","template":"","meta":{"footnotes":""},"class_list":["post-3","page","type-page","status-publish","hentry"],"yoast_head":"<!-- This site is optimized with the Yoast SEO plugin v27.3 - https:\/\/yoast.com\/product\/yoast-seo-wordpress\/ -->\n<title>Privacy Policy | Steve Total Beauty Milano Marittima<\/title>\n<meta name=\"description\" content=\"Privacy e Cookies\" \/>\n<meta name=\"robots\" content=\"index, follow, max-snippet:-1, max-image-preview:large, max-video-preview:-1\" \/>\n<link rel=\"canonical\" href=\"https:\/\/www.stevetotalbeauty.it\/new\/privacy-policy\/\" \/>\n<meta property=\"og:locale\" content=\"it_IT\" \/>\n<meta property=\"og:type\" content=\"article\" \/>\n<meta property=\"og:title\" content=\"Privacy Policy | Steve Total Beauty Milano Marittima\" \/>\n<meta property=\"og:description\" content=\"Privacy e Cookies\" \/>\n<meta property=\"og:url\" content=\"https:\/\/www.stevetotalbeauty.it\/new\/privacy-policy\/\" \/>\n<meta property=\"og:site_name\" content=\"Steve Total Beauty\" \/>\n<meta property=\"article:publisher\" content=\"https:\/\/www.facebook.com\/stevetotalbeauty\" \/>\n<meta property=\"article:modified_time\" content=\"2022-10-06T15:36:01+00:00\" \/>\n<meta name=\"twitter:card\" content=\"summary_large_image\" \/>\n<meta name=\"twitter:label1\" content=\"Tempo di lettura stimato\" \/>\n\t<meta name=\"twitter:data1\" content=\"13 minuti\" \/>\n<script type=\"application\/ld+json\" class=\"yoast-schema-graph\">{\"@context\":\"https:\\\/\\\/schema.org\",\"@graph\":[{\"@type\":\"WebPage\",\"@id\":\"https:\\\/\\\/www.stevetotalbeauty.it\\\/new\\\/privacy-policy\\\/\",\"url\":\"https:\\\/\\\/www.stevetotalbeauty.it\\\/new\\\/privacy-policy\\\/\",\"name\":\"Privacy Policy | Steve Total Beauty Milano Marittima\",\"isPartOf\":{\"@id\":\"https:\\\/\\\/www.stevetotalbeauty.it\\\/new\\\/#website\"},\"datePublished\":\"2020-06-26T14:11:26+00:00\",\"dateModified\":\"2022-10-06T15:36:01+00:00\",\"description\":\"Privacy e Cookies\",\"breadcrumb\":{\"@id\":\"https:\\\/\\\/www.stevetotalbeauty.it\\\/new\\\/privacy-policy\\\/#breadcrumb\"},\"inLanguage\":\"it-IT\",\"potentialAction\":[{\"@type\":\"ReadAction\",\"target\":[\"https:\\\/\\\/www.stevetotalbeauty.it\\\/new\\\/privacy-policy\\\/\"]}]},{\"@type\":\"BreadcrumbList\",\"@id\":\"https:\\\/\\\/www.stevetotalbeauty.it\\\/new\\\/privacy-policy\\\/#breadcrumb\",\"itemListElement\":[{\"@type\":\"ListItem\",\"position\":1,\"name\":\"Home\",\"item\":\"https:\\\/\\\/www.stevetotalbeauty.it\\\/new\\\/\"},{\"@type\":\"ListItem\",\"position\":2,\"name\":\"Privacy Policy\"}]},{\"@type\":\"WebSite\",\"@id\":\"https:\\\/\\\/www.stevetotalbeauty.it\\\/new\\\/#website\",\"url\":\"https:\\\/\\\/www.stevetotalbeauty.it\\\/new\\\/\",\"name\":\"Steve Total Beauty - Parrucchiere a Milano Marittima\",\"description\":\"Milano Marittima\",\"publisher\":{\"@id\":\"https:\\\/\\\/www.stevetotalbeauty.it\\\/new\\\/#organization\"},\"potentialAction\":[{\"@type\":\"SearchAction\",\"target\":{\"@type\":\"EntryPoint\",\"urlTemplate\":\"https:\\\/\\\/www.stevetotalbeauty.it\\\/new\\\/?s={search_term_string}\"},\"query-input\":{\"@type\":\"PropertyValueSpecification\",\"valueRequired\":true,\"valueName\":\"search_term_string\"}}],\"inLanguage\":\"it-IT\"},{\"@type\":\"Organization\",\"@id\":\"https:\\\/\\\/www.stevetotalbeauty.it\\\/new\\\/#organization\",\"name\":\"Steve Total Beauty - Parrucchiere a Milano Marittima\",\"url\":\"https:\\\/\\\/www.stevetotalbeauty.it\\\/new\\\/\",\"logo\":{\"@type\":\"ImageObject\",\"inLanguage\":\"it-IT\",\"@id\":\"https:\\\/\\\/www.stevetotalbeauty.it\\\/new\\\/#\\\/schema\\\/logo\\\/image\\\/\",\"url\":\"http:\\\/\\\/www.stevetotalbeauty.it\\\/new\\\/wp-content\\\/uploads\\\/2022\\\/04\\\/STEVE-logo-Vettoriale.png\",\"contentUrl\":\"http:\\\/\\\/www.stevetotalbeauty.it\\\/new\\\/wp-content\\\/uploads\\\/2022\\\/04\\\/STEVE-logo-Vettoriale.png\",\"width\":622,\"height\":272,\"caption\":\"Steve Total Beauty - Parrucchiere a Milano Marittima\"},\"image\":{\"@id\":\"https:\\\/\\\/www.stevetotalbeauty.it\\\/new\\\/#\\\/schema\\\/logo\\\/image\\\/\"},\"sameAs\":[\"https:\\\/\\\/www.facebook.com\\\/stevetotalbeauty\",\"http:\\\/\\\/instagram.com\\\/stevetotalbeauty\",\"https:\\\/\\\/www.youtube.com\\\/channel\\\/UCJ183XXnTpDaDHunWYbaxBA\",\"https:\\\/\\\/www.pinterest.it\\\/antoniofantini\\\/\"]}]}<\/script>\n<!-- \/ Yoast SEO plugin. -->","yoast_head_json":{"title":"Privacy Policy | Steve Total Beauty Milano Marittima","description":"Privacy e Cookies","robots":{"index":"index","follow":"follow","max-snippet":"max-snippet:-1","max-image-preview":"max-image-preview:large","max-video-preview":"max-video-preview:-1"},"canonical":"https:\/\/www.stevetotalbeauty.it\/new\/privacy-policy\/","og_locale":"it_IT","og_type":"article","og_title":"Privacy Policy | Steve Total Beauty Milano Marittima","og_description":"Privacy e Cookies","og_url":"https:\/\/www.stevetotalbeauty.it\/new\/privacy-policy\/","og_site_name":"Steve Total Beauty","article_publisher":"https:\/\/www.facebook.com\/stevetotalbeauty","article_modified_time":"2022-10-06T15:36:01+00:00","twitter_card":"summary_large_image","twitter_misc":{"Tempo di lettura stimato":"13 minuti"},"schema":{"@context":"https:\/\/schema.org","@graph":[{"@type":"WebPage","@id":"https:\/\/www.stevetotalbeauty.it\/new\/privacy-policy\/","url":"https:\/\/www.stevetotalbeauty.it\/new\/privacy-policy\/","name":"Privacy Policy | Steve Total Beauty Milano Marittima","isPartOf":{"@id":"https:\/\/www.stevetotalbeauty.it\/new\/#website"},"datePublished":"2020-06-26T14:11:26+00:00","dateModified":"2022-10-06T15:36:01+00:00","description":"Privacy e Cookies","breadcrumb":{"@id":"https:\/\/www.stevetotalbeauty.it\/new\/privacy-policy\/#breadcrumb"},"inLanguage":"it-IT","potentialAction":[{"@type":"ReadAction","target":["https:\/\/www.stevetotalbeauty.it\/new\/privacy-policy\/"]}]},{"@type":"BreadcrumbList","@id":"https:\/\/www.stevetotalbeauty.it\/new\/privacy-policy\/#breadcrumb","itemListElement":[{"@type":"ListItem","position":1,"name":"Home","item":"https:\/\/www.stevetotalbeauty.it\/new\/"},{"@type":"ListItem","position":2,"name":"Privacy Policy"}]},{"@type":"WebSite","@id":"https:\/\/www.stevetotalbeauty.it\/new\/#website","url":"https:\/\/www.stevetotalbeauty.it\/new\/","name":"Steve Total Beauty - Parrucchiere a Milano Marittima","description":"Milano Marittima","publisher":{"@id":"https:\/\/www.stevetotalbeauty.it\/new\/#organization"},"potentialAction":[{"@type":"SearchAction","target":{"@type":"EntryPoint","urlTemplate":"https:\/\/www.stevetotalbeauty.it\/new\/?s={search_term_string}"},"query-input":{"@type":"PropertyValueSpecification","valueRequired":true,"valueName":"search_term_string"}}],"inLanguage":"it-IT"},{"@type":"Organization","@id":"https:\/\/www.stevetotalbeauty.it\/new\/#organization","name":"Steve Total Beauty - Parrucchiere a Milano Marittima","url":"https:\/\/www.stevetotalbeauty.it\/new\/","logo":{"@type":"ImageObject","inLanguage":"it-IT","@id":"https:\/\/www.stevetotalbeauty.it\/new\/#\/schema\/logo\/image\/","url":"http:\/\/www.stevetotalbeauty.it\/new\/wp-content\/uploads\/2022\/04\/STEVE-logo-Vettoriale.png","contentUrl":"http:\/\/www.stevetotalbeauty.it\/new\/wp-content\/uploads\/2022\/04\/STEVE-logo-Vettoriale.png","width":622,"height":272,"caption":"Steve Total Beauty - Parrucchiere a Milano Marittima"},"image":{"@id":"https:\/\/www.stevetotalbeauty.it\/new\/#\/schema\/logo\/image\/"},"sameAs":["https:\/\/www.facebook.com\/stevetotalbeauty","http:\/\/instagram.com\/stevetotalbeauty","https:\/\/www.youtube.com\/channel\/UCJ183XXnTpDaDHunWYbaxBA","https:\/\/www.pinterest.it\/antoniofantini\/"]}]}},"_links":{"self":[{"href":"https:\/\/www.stevetotalbeauty.it\/new\/wp-json\/wp\/v2\/pages\/3","targetHints":{"allow":["GET"]}}],"collection":[{"href":"https:\/\/www.stevetotalbeauty.it\/new\/wp-json\/wp\/v2\/pages"}],"about":[{"href":"https:\/\/www.stevetotalbeauty.it\/new\/wp-json\/wp\/v2\/types\/page"}],"author":[{"embeddable":true,"href":"https:\/\/www.stevetotalbeauty.it\/new\/wp-json\/wp\/v2\/users\/1"}],"replies":[{"embeddable":true,"href":"https:\/\/www.stevetotalbeauty.it\/new\/wp-json\/wp\/v2\/comments?post=3"}],"version-history":[{"count":18,"href":"https:\/\/www.stevetotalbeauty.it\/new\/wp-json\/wp\/v2\/pages\/3\/revisions"}],"predecessor-version":[{"id":16428,"href":"https:\/\/www.stevetotalbeauty.it\/new\/wp-json\/wp\/v2\/pages\/3\/revisions\/16428"}],"wp:attachment":[{"href":"https:\/\/www.stevetotalbeauty.it\/new\/wp-json\/wp\/v2\/media?parent=3"}],"curies":[{"name":"wp","href":"https:\/\/api.w.org\/{rel}","templated":true}]}}